{"id":254,"date":"2021-06-09T01:26:33","date_gmt":"2021-06-08T23:26:33","guid":{"rendered":"https:\/\/dev.wkuworld.com\/?page_id=254"},"modified":"2022-05-30T14:18:54","modified_gmt":"2022-05-30T12:18:54","slug":"pro-am-rankings","status":"publish","type":"page","link":"https:\/\/www.wkuworld.com\/de\/world-ranking\/pro-am-rankings\/","title":{"rendered":"PRO \/ AM RANGLISTE"},"content":{"rendered":"<div data-elementor-type=\"wp-page\" data-elementor-id=\"254\" class=\"elementor elementor-254\" data-elementor-post-type=\"page\">\n\t\t\t\t\t\t<section class=\"elementor-section elementor-top-section elementor-element elementor-element-cd1a4a0 elementor-section-content-middle elementor-section-boxed elementor-section-height-default elementor-section-height-default\" data-id=\"cd1a4a0\" data-element_type=\"section\" data-e-type=\"section\" data-settings=\"{&quot;background_background&quot;:&quot;classic&quot;}\">\n\t\t\t\t\t\t<div class=\"elementor-container elementor-column-gap-no\">\n\t\t\t\t\t<div class=\"elementor-column elementor-col-100 elementor-top-column elementor-element elementor-element-7556f10\" data-id=\"7556f10\" data-element_type=\"column\" data-e-type=\"column\">\n\t\t\t<div class=\"elementor-widget-wrap elementor-element-populated\">\n\t\t\t\t\t\t<div class=\"elementor-element elementor-element-582af5c elementor-widget elementor-widget-heading\" data-id=\"582af5c\" data-element_type=\"widget\" data-e-type=\"widget\" data-widget_type=\"heading.default\">\n\t\t\t\t<div class=\"elementor-widget-container\">\n\t\t\t\t\t<h4 class=\"elementor-heading-title elementor-size-default\"><span style=\"color:#d41217\">P<\/span>RO \/ AM RANKINGS<\/h4>\t\t\t\t<\/div>\n\t\t\t\t<\/div>\n\t\t\t\t<div class=\"elementor-element elementor-element-17049e5 elementor-widget elementor-widget-text-editor\" data-id=\"17049e5\" data-element_type=\"widget\" data-e-type=\"widget\" data-widget_type=\"text-editor.default\">\n\t\t\t\t<div class=\"elementor-widget-container\">\n\t\t\t\t\t\t\t\t\t<p><\/p>\n<p><\/p>\n<p><\/p>\n<h3 class=\"wp-block-heading\">PRO \/ AM Rangliste Saison 2018-2019-2020<\/h3>\n<p><\/p>\n<p><\/p>\n<p>PRO \/ AM WORLD TITLE Rangliste - Saison 2019\/2020<br><br>Im vergangenen Jahr haben wir PRO \/ AM Titelk\u00e4mpfe f\u00fcr hervorragende K\u00e4mpfer in allen WKU World Styles K\u00e4mpfe und Formen gef\u00f6rdert.<br><br>Im Ringsport wurden die PRO \/ AM K\u00e4mpfe etabliert und in zahlreichen internationalen Fight Nights organisiert.<br>Wir haben die PRO \/ AM Weltmeister in unsere Amateur-Ranglisten aufgenommen.<br><br>Wir beginnen mit der Qualifikationsrangliste, indem wir in den folgenden Turnieren Punkte sammeln:<br>Bregenz Open - Bregenz \u00d6sterreich November 2019<br>PanAm Open - Texas - USA \/ Kanada Februar 2020<br>Asien-Open - Beirut Libanon April 2020<br>British Open - Birmingham England Mai 2020<br>IDM - Simmern Deutschland Juni 2020<br>Weltmeisterschaft Quebec 2020 - Kanada Oktober 2020<br><br>Jeder erh\u00e4lt bei diesen Turnieren 3 Punkte.<br>Der 1. Platz erh\u00e4lt zus\u00e4tzlich 10 Punkte.<br>Der 2. Platz erh\u00e4lt zus\u00e4tzlich 8 Punkte.<br>Der 3. Platz erh\u00e4lt zus\u00e4tzlich 6 Punkte.<br><br><\/p>\n<p><\/p>\t\t\t\t\t\t\t\t<\/div>\n\t\t\t\t<\/div>\n\t\t\t\t<div class=\"elementor-element elementor-element-b6a549a elementor-widget elementor-widget-heading\" data-id=\"b6a549a\" data-element_type=\"widget\" data-e-type=\"widget\" data-widget_type=\"heading.default\">\n\t\t\t\t<div class=\"elementor-widget-container\">\n\t\t\t\t\t<h4 class=\"elementor-heading-title elementor-size-default\"><span style=\"color:#d41217\">P<\/span>ro\/AM WORLD CHAMPIONS ranking - 2019\/2020<\/h4>\t\t\t\t<\/div>\n\t\t\t\t<\/div>\n\t\t\t\t<section class=\"elementor-section elementor-inner-section elementor-element elementor-element-cb270dc elementor-section-boxed elementor-section-height-default elementor-section-height-default\" data-id=\"cb270dc\" data-element_type=\"section\" data-e-type=\"section\">\n\t\t\t\t\t\t<div class=\"elementor-container elementor-column-gap-wider\">\n\t\t\t\t\t<div class=\"elementor-column elementor-col-50 elementor-inner-column elementor-element elementor-element-3440f34\" data-id=\"3440f34\" data-element_type=\"column\" data-e-type=\"column\">\n\t\t\t<div class=\"elementor-widget-wrap elementor-element-populated\">\n\t\t\t\t\t\t<div class=\"elementor-element elementor-element-65b08d3 elementor-flip-box--effect-slide elementor-flip-box--direction-up elementor-widget elementor-widget-flip-box\" data-id=\"65b08d3\" data-element_type=\"widget\" data-e-type=\"widget\" data-widget_type=\"flip-box.default\">\n\t\t\t\t<div class=\"elementor-widget-container\">\n\t\t\t\t\t\t\t<div class=\"elementor-flip-box\" tabindex=\"0\">\n\t\t\t<div class=\"elementor-flip-box__layer elementor-flip-box__front\">\n\t\t\t\t<div class=\"elementor-flip-box__layer__overlay\">\n\t\t\t\t\t<div class=\"elementor-flip-box__layer__inner\">\n\t\t\t\t\t\t\t\t\t\t\t\t\t<div class=\"elementor-flip-box__image\">\n\t\t\t\t\t\t\t\t<img fetchpriority=\"high\" decoding=\"async\" width=\"300\" height=\"215\" src=\"https:\/\/www.wkuworld.com\/wp-content\/uploads\/2021\/10\/logo_wkuworld_white-text-300x215.png\" class=\"attachment-medium size-medium wp-image-3008\" alt=\"\" srcset=\"https:\/\/www.wkuworld.com\/wp-content\/uploads\/2021\/10\/logo_wkuworld_white-text-300x215.png 300w, https:\/\/www.wkuworld.com\/wp-content\/uploads\/2021\/10\/logo_wkuworld_white-text-768x551.png 768w, https:\/\/www.wkuworld.com\/wp-content\/uploads\/2021\/10\/logo_wkuworld_white-text-18x12.png 18w, https:\/\/www.wkuworld.com\/wp-content\/uploads\/2021\/10\/logo_wkuworld_white-text-e1652819256163.png 80w\" sizes=\"(max-width: 300px) 100vw, 300px\" \/>\t\t\t\t\t\t\t<\/div>\n\t\t\t\t\t\t\n\t\t\t\t\t\t\t\t\t\t\t\t\t<h3 class=\"elementor-flip-box__layer__title\">\n\t\t\t\t\t\t\t\tFIGHTS\t\t\t\t\t\t\t<\/h3>\n\t\t\t\t\t\t\n\t\t\t\t\t\t\t\t\t\t\t<\/div>\n\t\t\t\t<\/div>\n\t\t\t<\/div>\n\t\t\t<a class=\"elementor-flip-box__layer elementor-flip-box__back\" href=\"https:\/\/www.wkuworld.com\/wp-content\/uploads\/2021\/07\/Proam-Fights-komprimiert_01.pdf\" target=\"_blank\">\n\t\t\t<div class=\"elementor-flip-box__layer__overlay\">\n\t\t\t\t<div class=\"elementor-flip-box__layer__inner\">\n\t\t\t\t\t\t\t\t\t\t\t<h3 class=\"elementor-flip-box__layer__title\">\n\t\t\t\t\t\t\tFIGHTS\t\t\t\t\t\t<\/h3>\n\t\t\t\t\t\n\t\t\t\t\t\t\t\t\t\t\t<div class=\"elementor-flip-box__layer__description\">\n\t\t\t\t\t\t\tOfficial GCO \/ WKUWORLD Pro\/AM Ranking List for FIGHTS.\t\t\t\t\t\t<\/div>\n\t\t\t\t\t\n\t\t\t\t\t\t\t\t\t\t\t<span class=\"elementor-flip-box__button elementor-button elementor-size-sm\">\n\t\t\t\t\t\t\tDOWNLOAD\t\t\t\t\t\t<\/span>\n\t\t\t\t\t\t\t\t<\/div>\n\t\t<\/div>\n\t\t<\/a>\n\t\t<\/div>\n\t\t\t\t\t\t<\/div>\n\t\t\t\t<\/div>\n\t\t\t\t\t<\/div>\n\t\t<\/div>\n\t\t\t\t<div class=\"elementor-column elementor-col-50 elementor-inner-column elementor-element elementor-element-2b1752b\" data-id=\"2b1752b\" data-element_type=\"column\" data-e-type=\"column\">\n\t\t\t<div class=\"elementor-widget-wrap elementor-element-populated\">\n\t\t\t\t\t\t<div class=\"elementor-element elementor-element-cb33fac elementor-flip-box--effect-slide elementor-flip-box--direction-up elementor-widget elementor-widget-flip-box\" data-id=\"cb33fac\" data-element_type=\"widget\" data-e-type=\"widget\" data-widget_type=\"flip-box.default\">\n\t\t\t\t<div class=\"elementor-widget-container\">\n\t\t\t\t\t\t\t<div class=\"elementor-flip-box\" tabindex=\"0\">\n\t\t\t<div class=\"elementor-flip-box__layer elementor-flip-box__front\">\n\t\t\t\t<div class=\"elementor-flip-box__layer__overlay\">\n\t\t\t\t\t<div class=\"elementor-flip-box__layer__inner\">\n\t\t\t\t\t\t\t\t\t\t\t\t\t<div class=\"elementor-flip-box__image\">\n\t\t\t\t\t\t\t\t<img decoding=\"async\" width=\"768\" height=\"551\" src=\"https:\/\/www.wkuworld.com\/wp-content\/uploads\/2021\/10\/logo_wkuworld_white-text-768x551.png\" class=\"attachment-medium_large size-medium_large wp-image-3008\" alt=\"\" srcset=\"https:\/\/www.wkuworld.com\/wp-content\/uploads\/2021\/10\/logo_wkuworld_white-text-768x551.png 768w, https:\/\/www.wkuworld.com\/wp-content\/uploads\/2021\/10\/logo_wkuworld_white-text-300x215.png 300w, https:\/\/www.wkuworld.com\/wp-content\/uploads\/2021\/10\/logo_wkuworld_white-text-18x12.png 18w, https:\/\/www.wkuworld.com\/wp-content\/uploads\/2021\/10\/logo_wkuworld_white-text-e1652819256163.png 80w\" sizes=\"(max-width: 768px) 100vw, 768px\" \/>\t\t\t\t\t\t\t<\/div>\n\t\t\t\t\t\t\n\t\t\t\t\t\t\t\t\t\t\t\t\t<h3 class=\"elementor-flip-box__layer__title\">\n\t\t\t\t\t\t\t\tFORMS\t\t\t\t\t\t\t<\/h3>\n\t\t\t\t\t\t\n\t\t\t\t\t\t\t\t\t\t\t<\/div>\n\t\t\t\t<\/div>\n\t\t\t<\/div>\n\t\t\t<a class=\"elementor-flip-box__layer elementor-flip-box__back\" href=\"https:\/\/www.wkuworld.com\/wp-content\/uploads\/2021\/07\/Proam-Forms.pdf\" target=\"_blank\">\n\t\t\t<div class=\"elementor-flip-box__layer__overlay\">\n\t\t\t\t<div class=\"elementor-flip-box__layer__inner\">\n\t\t\t\t\t\t\t\t\t\t\t<h3 class=\"elementor-flip-box__layer__title\">\n\t\t\t\t\t\t\tFORMS\t\t\t\t\t\t<\/h3>\n\t\t\t\t\t\n\t\t\t\t\t\t\t\t\t\t\t<div class=\"elementor-flip-box__layer__description\">\n\t\t\t\t\t\t\tOfficial GCO \/ WKUWORLD Pro\/AM Ranking List for FORMS.\t\t\t\t\t\t<\/div>\n\t\t\t\t\t\n\t\t\t\t\t\t\t\t\t\t\t<span class=\"elementor-flip-box__button elementor-button elementor-size-sm\">\n\t\t\t\t\t\t\tDOWNLOAD\t\t\t\t\t\t<\/span>\n\t\t\t\t\t\t\t\t<\/div>\n\t\t<\/div>\n\t\t<\/a>\n\t\t<\/div>\n\t\t\t\t\t\t<\/div>\n\t\t\t\t<\/div>\n\t\t\t\t\t<\/div>\n\t\t<\/div>\n\t\t\t\t\t<\/div>\n\t\t<\/section>\n\t\t\t\t\t<\/div>\n\t\t<\/div>\n\t\t\t\t\t<\/div>\n\t\t<\/section>\n\t\t\t\t<\/div>","protected":false},"excerpt":{"rendered":"<p>PRO \/ AM RANKINGS Pro\/AM Ranking Season 2018-2019-2020 PRO \/ AM WORLD TITLE Rankings &#8211; Season 2019\/2020 Over the past year, we have been promoting PRO \/ AM title fights for excellent fighters in all WKU World Styles Fights and Forms. In the ring sports, the PRO \/ AM fights were established and organized in [&hellip;]<\/p>\n","protected":false},"author":3,"featured_media":0,"parent":249,"menu_order":0,"comment_status":"closed","ping_status":"closed","template":"","meta":{"_acf_changed":false,"footnotes":""},"class_list":["post-254","page","type-page","status-publish","hentry"],"acf":[],"_links":{"self":[{"href":"https:\/\/www.wkuworld.com\/de\/wp-json\/wp\/v2\/pages\/254","targetHints":{"allow":["GET"]}}],"collection":[{"href":"https:\/\/www.wkuworld.com\/de\/wp-json\/wp\/v2\/pages"}],"about":[{"href":"https:\/\/www.wkuworld.com\/de\/wp-json\/wp\/v2\/types\/page"}],"author":[{"embeddable":true,"href":"https:\/\/www.wkuworld.com\/de\/wp-json\/wp\/v2\/users\/3"}],"replies":[{"embeddable":true,"href":"https:\/\/www.wkuworld.com\/de\/wp-json\/wp\/v2\/comments?post=254"}],"version-history":[{"count":0,"href":"https:\/\/www.wkuworld.com\/de\/wp-json\/wp\/v2\/pages\/254\/revisions"}],"up":[{"embeddable":true,"href":"https:\/\/www.wkuworld.com\/de\/wp-json\/wp\/v2\/pages\/249"}],"wp:attachment":[{"href":"https:\/\/www.wkuworld.com\/de\/wp-json\/wp\/v2\/media?parent=254"}],"curies":[{"name":"wp","href":"https:\/\/api.w.org\/{rel}","templated":true}]}}